{"id":373,"date":"2024-03-01T11:58:05","date_gmt":"2024-03-01T11:58:05","guid":{"rendered":"https:\/\/expotrophy.com\/politica-de-cookies\/"},"modified":"2024-03-18T11:36:32","modified_gmt":"2024-03-18T11:36:32","slug":"politica-de-cookies","status":"publish","type":"page","link":"https:\/\/expotrophy.com\/pt-pt\/politica-de-cookies\/","title":{"rendered":"Pol\u00edtica de cookies"},"content":{"rendered":"\t\t<div data-elementor-type=\"page\" data-elementor-id=\"373\" class=\"elementor elementor-373 elementor-209\">\n\t\t\t\t\t\t<section class=\"elementor-section elementor-top-section elementor-element elementor-element-73989bd5 elementor-section-content-middle elementor-section-full_width elementor-section-height-default elementor-section-height-default\" data-id=\"73989bd5\" data-element_type=\"section\" data-e-type=\"section\" data-settings=\"{&quot;background_background&quot;:&quot;classic&quot;}\">\n\t\t\t\t\t\t<div class=\"elementor-container elementor-column-gap-no\">\n\t\t\t\t\t<div class=\"elementor-column elementor-col-33 elementor-top-column elementor-element elementor-element-5e74df8b\" data-id=\"5e74df8b\" data-element_type=\"column\" data-e-type=\"column\">\n\t\t\t<div class=\"elementor-widget-wrap elementor-element-populated\">\n\t\t\t\t\t\t<div class=\"elementor-element elementor-element-5258af6 elementor-widget elementor-widget-image\" data-id=\"5258af6\" data-element_type=\"widget\" data-e-type=\"widget\" data-widget_type=\"image.default\">\n\t\t\t\t<div class=\"elementor-widget-container\">\n\t\t\t\t\t\t\t\t\t\t\t\t\t\t\t\t<a href=\"https:\/\/expotrophy.com\/pt-pt\/\">\n\t\t\t\t\t\t\t<img decoding=\"async\" width=\"408\" height=\"87\" src=\"https:\/\/expotrophy.com\/wp-content\/uploads\/2024\/03\/logocontacto.png\" class=\"attachment-large size-large wp-image-137\" alt=\"\" srcset=\"https:\/\/expotrophy.com\/wp-content\/uploads\/2024\/03\/logocontacto.png 408w, https:\/\/expotrophy.com\/wp-content\/uploads\/2024\/03\/logocontacto-300x64.png 300w\" sizes=\"(max-width: 408px) 100vw, 408px\" \/>\t\t\t\t\t\t\t\t<\/a>\n\t\t\t\t\t\t\t\t\t\t\t\t\t\t\t<\/div>\n\t\t\t\t<\/div>\n\t\t\t\t\t<\/div>\n\t\t<\/div>\n\t\t\t\t<div class=\"elementor-column elementor-col-33 elementor-top-column elementor-element elementor-element-22f4ff3\" data-id=\"22f4ff3\" data-element_type=\"column\" data-e-type=\"column\">\n\t\t\t<div class=\"elementor-widget-wrap elementor-element-populated\">\n\t\t\t\t\t\t<div class=\"elementor-element elementor-element-112102f elementor-widget elementor-widget-nav-menu\" data-id=\"112102f\" data-element_type=\"widget\" data-e-type=\"widget\" data-widget_type=\"nav-menu.default\">\n\t\t\t\t<div class=\"elementor-widget-container\">\n\t\t\t\t\t \t\t\t\t<\/div>\n\t\t\t\t<\/div>\n\t\t\t\t\t<\/div>\n\t\t<\/div>\n\t\t\t\t<div class=\"elementor-column elementor-col-33 elementor-top-column elementor-element elementor-element-aebdc7b\" data-id=\"aebdc7b\" data-element_type=\"column\" data-e-type=\"column\">\n\t\t\t<div class=\"elementor-widget-wrap elementor-element-populated\">\n\t\t\t\t\t\t<div class=\"elementor-element elementor-element-fa35d7d elementor-align-justify elementor-widget__width-initial elementor-widget elementor-widget-button\" data-id=\"fa35d7d\" data-element_type=\"widget\" data-e-type=\"widget\" data-widget_type=\"button.default\">\n\t\t\t\t<div class=\"elementor-widget-container\">\n\t\t\t\t\t\t\t\t\t<div class=\"elementor-button-wrapper\">\n\t\t\t\t\t<a class=\"elementor-button elementor-button-link elementor-size-sm\" href=\"https:\/\/expotrophy.com\/pt-pt\/\/#contacto-pt\">\n\t\t\t\t\t\t<span class=\"elementor-button-content-wrapper\">\n\t\t\t\t\t\t\t\t\t<span class=\"elementor-button-text\">CONTACTE-NOS<\/span>\n\t\t\t\t\t<\/span>\n\t\t\t\t\t<\/a>\n\t\t\t\t<\/div>\n\t\t\t\t\t\t\t\t<\/div>\n\t\t\t\t<\/div>\n\t\t\t\t\t<\/div>\n\t\t<\/div>\n\t\t\t\t\t<\/div>\n\t\t<\/section>\n\t\t\t\t<section class=\"elementor-section elementor-top-section elementor-element elementor-element-7461a618 elementor-section-full_width elementor-section-stretched elementor-section-height-default elementor-section-height-default\" data-id=\"7461a618\" data-element_type=\"section\" data-e-type=\"section\" data-settings=\"{&quot;stretch_section&quot;:&quot;section-stretched&quot;,&quot;background_background&quot;:&quot;classic&quot;}\">\n\t\t\t\t\t\t<div class=\"elementor-container elementor-column-gap-no\">\n\t\t\t\t\t<div class=\"elementor-column elementor-col-100 elementor-top-column elementor-element elementor-element-2f63bd79\" data-id=\"2f63bd79\" data-element_type=\"column\" data-e-type=\"column\">\n\t\t\t<div class=\"elementor-widget-wrap elementor-element-populated\">\n\t\t\t\t\t\t<section class=\"elementor-section elementor-inner-section elementor-element elementor-element-14aed61b elementor-section-boxed elementor-section-height-default elementor-section-height-default elementor-invisible\" data-id=\"14aed61b\" data-element_type=\"section\" data-e-type=\"section\" data-settings=\"{&quot;animation&quot;:&quot;fadeInUp&quot;}\">\n\t\t\t\t\t\t<div class=\"elementor-container elementor-column-gap-no\">\n\t\t\t\t\t<div class=\"elementor-column elementor-col-100 elementor-inner-column elementor-element elementor-element-5cfecfb3\" data-id=\"5cfecfb3\" data-element_type=\"column\" data-e-type=\"column\">\n\t\t\t<div class=\"elementor-widget-wrap elementor-element-populated\">\n\t\t\t\t\t\t<div class=\"elementor-element elementor-element-5c5975a7 elementor-widget__width-initial elementor-widget elementor-widget-heading\" data-id=\"5c5975a7\" data-element_type=\"widget\" data-e-type=\"widget\" data-widget_type=\"heading.default\">\n\t\t\t\t<div class=\"elementor-widget-container\">\n\t\t\t\t\t<h3 class=\"elementor-heading-title elementor-size-default\">Pol\u00edtica de cookies<\/h3>\t\t\t\t<\/div>\n\t\t\t\t<\/div>\n\t\t\t\t<div class=\"elementor-element elementor-element-4adaed91 elementor-widget elementor-widget-text-editor\" data-id=\"4adaed91\" data-element_type=\"widget\" data-e-type=\"widget\" data-widget_type=\"text-editor.default\">\n\t\t\t\t<div class=\"elementor-widget-container\">\n\t\t\t\t\t\t\t\t\t<p style=\"text-align: left;\">LEIA ATENTAMENTE ESTES TERMOS E CONDI\u00c7\u00d5ES DE USO DO WEBSITE.<br \/>AO ACESSAR OU USAR ESTE SITE, VOC\u00ca CONCORDA COM ESTES TERMOS E CONDI\u00c7\u00d5ES.<br \/>SE VOC\u00ca N\u00c3O CONCORDAR COM ESTES, ABSTENHA-SE DE USAR ESTE SITE.<\/p><p style=\"text-align: left;\">Estes termos e condi\u00e7\u00f5es de uso (&#8220;Condi\u00e7\u00f5es&#8221;) se aplicam ao uso deste site (o &#8220;Site&#8221;). Ao usar este site, voc\u00ea afirma e garante que:<br \/>i) voc\u00ea tem 18 anos ou mais e tem capacidade legal para aceitar as Condi\u00e7\u00f5es;<br \/>ii) Se voc\u00ea usar o Site em nome de qualquer entidade, voc\u00ea declara e garante estar devidamente autorizado por esta entidade a aceitar &amp; nbsp; estas Condi\u00e7\u00f5es em nome de tal entidade e que concorda em indenizar o FUNDI-TROF, S.L. por qualquer viola\u00e7\u00e3o &amp; nbsp; destas Condi\u00e7\u00f5es.<br \/>iii) aceitar estas condi\u00e7\u00f5es sem qualquer reserva.<\/p><p style=\"text-align: left;\">FUNDI-TROF, S.L. reserva-se o direito de modificar estas Condi\u00e7\u00f5es quando julgar apropriado e sem pr\u00e9vio aviso.<br \/>O uso deste site estar\u00e1 sujeito \u00e0 vers\u00e3o mais recente publicada no site no momento do acesso.<\/p><p style=\"text-align: left;\"><strong>Propriedade dessas p\u00e1ginas da web<\/strong><br \/>Estas p\u00e1ginas s\u00e3o propriedade e mantidas pela FUNDI-TROF, SL, empresa com CIF: B-02406452 e com sede em Pol\u00edgono Industrial &amp; nbsp; Campollano, Calle C n\u00ba 100, 02007 Albacete, inscrita no Registro Mercantil de Albacete Volume 812, Livro 576, F\u00f3lio 223, Se\u00e7\u00e3o 8, P\u00e1gina AB 15573, &amp; nbsp; 1\u00aa Inscri\u00e7\u00e3o que atua comercialmente como fabrica\u00e7\u00e3o e venda de Trof\u00e9us e Pr\u00eamios Esportivos.<br \/>Todos os direitos sobre o conte\u00fado deste Site, incluindo, sem limita\u00e7\u00e3o, as imagens, textos, designs, ilustra\u00e7\u00f5es e programas de computador (em geral doravante referidos como &#8220;Conte\u00fado&#8221;) s\u00e3o propriedade da FUNDI-TROF, SL, seus licenciadores e \/ ou seu Conte\u00fado provedores.<br \/>O Conte\u00fado \u00e9 protegido pelas leis de Propriedade Intelectual, Propriedade Industrial e tratados internacionais referentes a esses direitos.<\/p><p style=\"text-align: left;\"><strong>Uso de conte\u00fado<\/strong><br \/>A menos que seja explicitamente autorizado pela FUNDI-TROF, S.L., voc\u00ea n\u00e3o pode reproduzir, transmitir ou explorar o Conte\u00fado deste Site de nenhuma forma. Em rela\u00e7\u00e3o ao uso das imagens inclu\u00eddas neste Site, voc\u00ea deve respeitar as condi\u00e7\u00f5es da Licen\u00e7a de Uso que se aplicam &amp; nbsp; de acordo com o caso e que est\u00e3o inclu\u00eddas por refer\u00eancia a estas Condi\u00e7\u00f5es e passam a fazer parte delas.<\/p><p style=\"text-align: left;\"><strong>Registro e dados da conta<\/strong><br \/>Em conex\u00e3o com o uso deste Site, voc\u00ea concorda:<br \/>i) fornecer informa\u00e7\u00f5es precisas, atuais e completas ao preencher o formul\u00e1rio e se cadastrar como usu\u00e1rio deste Site (\u201cDados de Cadastro\u201d).<br \/>ii) manter e atualizar estes Dados de Registro e quaisquer outras informa\u00e7\u00f5es que voc\u00ea fornecer \u00e0 FUNDI-TROF, S.L. para que sejam precisos, atualizados &amp; nbsp; e completos.<br \/>iii) manter e manter sua senha confidencial e segura.<br \/>iv) notificar imediatamente a FUNDI-TROF, S.L. de qualquer uso n\u00e3o autorizado de sua conta.<br \/>v) aceitar os riscos derivados do acesso n\u00e3o autorizado aos Dados de Cadastro e toda a responsabilidade derivada das atividades realizadas em sua conta.<\/p><p style=\"text-align: left;\"><strong>Pol\u00edtica de tratamento de dados pessoais<\/strong><br \/>FUNDI-TROF, S.L. reconhece a import\u00e2ncia do seu direito \u00e0 privacidade e ao tratamento adequado dos seus dados pessoais. Pedimos que voc\u00ea &amp; nbsp; consulte nossa Pol\u00edtica de Privacidade, que est\u00e1 inclu\u00edda por refer\u00eancia a estas Condi\u00e7\u00f5es e se torne parte delas, para ser &amp; nbsp; informado sobre como coletamos, usamos e tratamos seus dados pessoais.<\/p><p style=\"text-align: left;\"><strong>Propriedade da marca registrada<\/strong><br \/>FUNDI-TROF\u00ae e seu logotipo s\u00e3o marcas registradas da FUNDI-TROF, S.L. Voc\u00ea n\u00e3o pode usar essas marcas sem a autoriza\u00e7\u00e3o pr\u00e9via por escrito da FUNDI-TROF, S.L.<br \/>Todas as outras marcas comerciais, marcas registradas, nomes de produtos e nomes de empresas ou logotipos mencionados no Site s\u00e3o &amp; nbsp; propriedade de seus respectivos propriet\u00e1rios.<\/p><p style=\"text-align: left;\"><strong>Indeniza\u00e7\u00e3o<\/strong><br \/>Voc\u00ea concorda em defender, indenizar e manter a FUNDI-TROF, SL, suas subsidi\u00e1rias, filiais, licenciadores e provedores de Conte\u00fado protegidos de qualquer reclama\u00e7\u00e3o, responsabilidade, dano, perda ou despesa (incluindo honor\u00e1rios advocat\u00edcios razo\u00e1veis) que possam surgir de &amp; nbsp; qualquer viola\u00e7\u00e3o por voc\u00ea destas Condi\u00e7\u00f5es ou do uso do Conte\u00fado sem autoriza\u00e7\u00e3o pr\u00e9via.<\/p><p style=\"text-align: left;\"><strong>Limita\u00e7\u00e3o de responsabilidade<\/strong><br \/>ESTE SITE E O CONTE\u00daDO S\u00c3O FORNECIDOS &#8220;NO ESTADO EM QUE SE ENCONTRAM&#8221;. FUNDI-TROF, S.L. N\u00c3O OFERECE GARANTIAS, EXPRESSAS OU IMPL\u00cdCITAS, RELATIVAMENTE AO SITE OU \u00c0 CONFIABILIDADE DE QUALQUER INFORMA\u00c7\u00c3O INCLU\u00cdDA NESTE SITE, INCLUINDO, SEM LIMITA\u00c7\u00c3O, GARANTIAS IMPL\u00cdCITAS DE COMERCIALIZA\u00c7\u00c3O E ADEQUA\u00c7\u00c3O A QUALQUER PROP\u00d3SITO OU ADEQUA\u00c7\u00c3O.<\/p><p style=\"text-align: left;\">COM TODA A EXTENS\u00c3O PERMITIDA PELA ORDEM JUR\u00cdDICA, FUNDI-TROF, S.L. VOC\u00ca N\u00c3O ASSUMIR\u00c1 QUALQUER TIPO DE RESPONSABILIDADE &amp; nbsp; POR QUALQUER DANO OU LES\u00c3O QUE POSSA RESULTAR DO USO OU DA INCAPACIDADE DE USAR O SITE OU O CONTE\u00daDO OU &amp; \u200b\u200bnbsp; FUNCIONALIDADE DESTE SITE.<\/p><p style=\"text-align: left;\">Apesar do FUNDI-TROF, S.L. faz todos os esfor\u00e7os para garantir a precis\u00e3o e exatid\u00e3o do conte\u00fado deste site, ele pode conter erros, erros de programa\u00e7\u00e3o ou outras imprecis\u00f5es.<\/p><p style=\"text-align: left;\">Pode haver links neste site que levam a outros sites. Esses sites n\u00e3o est\u00e3o sob o controle da FUNDI-TROF, S.L., portanto, &amp; nbsp; FUNDI-TROF, S.L. N\u00e3o \u00e9 respons\u00e1vel por seu conte\u00fado ou por quaisquer danos que voc\u00ea possa sofrer em conex\u00e3o com seu uso.<\/p><p style=\"text-align: left;\"><strong>Divisibilidade<\/strong><br \/>Se qualquer estipula\u00e7\u00e3o dessas condi\u00e7\u00f5es faltar ou se tornar inv\u00e1lida ou se tornar inexequ\u00edvel de acordo com a lei aplic\u00e1vel, &amp; nbsp; tal estipula\u00e7\u00e3o n\u00e3o teria efeito, mas apenas na medida dessa falta de validade precisa e n\u00e3o afetar\u00e1 qualquer outro estipula\u00e7\u00e3o. das &amp; nbsp; condi\u00e7\u00f5es presentes.<\/p><p style=\"text-align: left;\"><strong>Legisla\u00e7\u00e3o e jurisdi\u00e7\u00e3o aplic\u00e1vel<\/strong><br \/>Estas Condi\u00e7\u00f5es de Uso ser\u00e3o regidas e interpretadas de acordo com a legisla\u00e7\u00e3o espanhola, excluindo para estes efeitos as regras do direito internacional privado em rela\u00e7\u00e3o a conflitos de leis e qualquer lit\u00edgio decorrente destas Condi\u00e7\u00f5es, da utiliza\u00e7\u00e3o deste Site ou do Conte\u00fado &amp; nbsp ; Deve ser resolvido perante os tribunais de Albacete, Espanha. N\u00e3o obstante o anterior, FUNDI-TROF, S.L. Voc\u00ea ter\u00e1 o direito de iniciar e apresentar qualquer &amp; nbsp; reclama\u00e7\u00e3o ou procedimento judicial com base na viola\u00e7\u00e3o destas Condi\u00e7\u00f5es perante qualquer tribunal de uma jurisdi\u00e7\u00e3o competente.<\/p>\t\t\t\t\t\t\t\t<\/div>\n\t\t\t\t<\/div>\n\t\t\t\t\t<\/div>\n\t\t<\/div>\n\t\t\t\t\t<\/div>\n\t\t<\/section>\n\t\t\t\t\t<\/div>\n\t\t<\/div>\n\t\t\t\t\t<\/div>\n\t\t<\/section>\n\t\t\t\t<section class=\"elementor-section elementor-top-section elementor-element elementor-element-e0357f6 elementor-section-boxed elementor-section-height-default elementor-section-height-default\" data-id=\"e0357f6\" data-element_type=\"section\" data-e-type=\"section\" data-settings=\"{&quot;background_background&quot;:&quot;classic&quot;}\">\n\t\t\t\t\t\t\t<div class=\"elementor-background-overlay\"><\/div>\n\t\t\t\t\t\t\t<div class=\"elementor-container elementor-column-gap-default\">\n\t\t\t\t\t<div class=\"elementor-column elementor-col-100 elementor-top-column elementor-element elementor-element-2c20242d\" data-id=\"2c20242d\" data-element_type=\"column\" data-e-type=\"column\">\n\t\t\t<div class=\"elementor-widget-wrap elementor-element-populated\">\n\t\t\t\t\t\t<section class=\"elementor-section elementor-inner-section elementor-element elementor-element-77c8ba elementor-section-boxed elementor-section-height-default elementor-section-height-default\" data-id=\"77c8ba\" data-element_type=\"section\" data-e-type=\"section\">\n\t\t\t\t\t\t<div class=\"elementor-container elementor-column-gap-no\">\n\t\t\t\t\t<div class=\"elementor-column elementor-col-100 elementor-inner-column elementor-element elementor-element-180afe8a\" data-id=\"180afe8a\" data-element_type=\"column\" data-e-type=\"column\">\n\t\t\t<div class=\"elementor-widget-wrap elementor-element-populated\">\n\t\t\t\t\t\t<div class=\"elementor-element elementor-element-176d72b elementor-widget elementor-widget-heading\" data-id=\"176d72b\" data-element_type=\"widget\" data-e-type=\"widget\" data-widget_type=\"heading.default\">\n\t\t\t\t<div class=\"elementor-widget-container\">\n\t\t\t\t\t<h3 class=\"elementor-heading-title elementor-size-default\">Contacto<\/h3>\t\t\t\t<\/div>\n\t\t\t\t<\/div>\n\t\t\t\t\t<\/div>\n\t\t<\/div>\n\t\t\t\t\t<\/div>\n\t\t<\/section>\n\t\t\t\t<section class=\"elementor-section elementor-inner-section elementor-element elementor-element-64aca561 elementor-section-full_width elementor-section-height-default elementor-section-height-default\" data-id=\"64aca561\" data-element_type=\"section\" data-e-type=\"section\">\n\t\t\t\t\t\t<div class=\"elementor-container elementor-column-gap-default\">\n\t\t\t\t\t<div class=\"elementor-column elementor-col-50 elementor-inner-column elementor-element elementor-element-16012c56\" data-id=\"16012c56\" data-element_type=\"column\" data-e-type=\"column\">\n\t\t\t<div class=\"elementor-widget-wrap elementor-element-populated\">\n\t\t\t\t\t\t<div class=\"elementor-element elementor-element-4428190 eael-infobox-content-align--center eael-infobox-shape-square eael-infobox-hover-img-shape-square elementor-invisible elementor-widget elementor-widget-eael-info-box\" data-id=\"4428190\" data-element_type=\"widget\" data-e-type=\"widget\" data-settings=\"{&quot;_animation&quot;:&quot;zoomIn&quot;}\" data-widget_type=\"eael-info-box.default\">\n\t\t\t\t<div class=\"elementor-widget-container\">\n\t\t\t\t\t        <div class=\"eael-infobox icon-on-top\">\n\t            <div class=\"infobox-icon\">\n\n                            <img decoding=\"async\" src=\"https:\/\/expotrophy.com\/wp-content\/uploads\/2024\/03\/58bf2287-frame.png\" alt=\"\">\n            \n            \n            \n        <\/div>\n            <div class=\"infobox-content\">\n                    <div class=\"infobox-title-section\">\n                <h2 class=\"title\">Telefone<\/h2>            <\/div>\n            <div><p><a href=\"tel:+34967592562\">+34 967 592 562<\/a><br \/><a href=\"tel:+34680461994\">+34 680 461 994<\/a><\/p>\n<\/div>        <\/div>\n            <\/div>\n\n\t\t\t\t\t\t<\/div>\n\t\t\t\t<\/div>\n\t\t\t\t\t<\/div>\n\t\t<\/div>\n\t\t\t\t<div class=\"elementor-column elementor-col-50 elementor-inner-column elementor-element elementor-element-bdc58ba\" data-id=\"bdc58ba\" data-element_type=\"column\" data-e-type=\"column\">\n\t\t\t<div class=\"elementor-widget-wrap elementor-element-populated\">\n\t\t\t\t\t\t<div class=\"elementor-element elementor-element-4dff925b eael-infobox-content-align--center eael-infobox-shape-square eael-infobox-hover-img-shape-square elementor-invisible elementor-widget elementor-widget-eael-info-box\" data-id=\"4dff925b\" data-element_type=\"widget\" data-e-type=\"widget\" data-settings=\"{&quot;_animation&quot;:&quot;zoomIn&quot;}\" data-widget_type=\"eael-info-box.default\">\n\t\t\t\t<div class=\"elementor-widget-container\">\n\t\t\t\t\t        <div class=\"eael-infobox icon-on-top\">\n\t            <div class=\"infobox-icon\">\n\n                            <img decoding=\"async\" src=\"https:\/\/expotrophy.com\/wp-content\/uploads\/2024\/03\/8c0ab617-frame-11120.png\" alt=\"\">\n            \n            \n            \n        <\/div>\n            <div class=\"infobox-content\">\n                    <div class=\"infobox-title-section\">\n                <h2 class=\"title\">Correio eletr\u00f3nico<\/h2>            <\/div>\n            <div><p><a href=\"mailto:expotrophy@fundi-trof.com\">expotrophy@fundi-trof.com<\/a><\/p>\n<\/div>        <\/div>\n            <\/div>\n\n\t\t\t\t\t\t<\/div>\n\t\t\t\t<\/div>\n\t\t\t\t\t<\/div>\n\t\t<\/div>\n\t\t\t\t\t<\/div>\n\t\t<\/section>\n\t\t\t\t\t<\/div>\n\t\t<\/div>\n\t\t\t\t\t<\/div>\n\t\t<\/section>\n\t\t\t\t<section class=\"elementor-section elementor-top-section elementor-element elementor-element-9a1c4f3 elementor-section-full_width elementor-section-height-default elementor-section-height-default\" data-id=\"9a1c4f3\" data-element_type=\"section\" data-e-type=\"section\">\n\t\t\t\t\t\t<div class=\"elementor-container elementor-column-gap-default\">\n\t\t\t\t\t<div class=\"elementor-column elementor-col-100 elementor-top-column elementor-element elementor-element-4a5ee12\" data-id=\"4a5ee12\" data-element_type=\"column\" data-e-type=\"column\">\n\t\t\t<div class=\"elementor-widget-wrap elementor-element-populated\">\n\t\t\t\t\t\t<div class=\"elementor-element elementor-element-509e570 elementor-widget elementor-widget-text-editor\" data-id=\"509e570\" data-element_type=\"widget\" data-e-type=\"widget\" data-widget_type=\"text-editor.default\">\n\t\t\t\t<div class=\"elementor-widget-container\">\n\t\t\t\t\t\t\t\t\t<p><b><a href=\"https:\/\/expotrophy.com\/pt-pt\/aviso-legal-pt\/\">AVISO LEGAL<\/a> &#8211; <a href=\"https:\/\/expotrophy.com\/pt-pt\/politica-de-privacidade\/\">POL\u00cdTICA DE PRIVACIDADE<\/a> &#8211; <a href=\"https:\/\/expotrophy.com\/pt-pt\/politica-de-cookies\/\">POL\u00cdTICA DE COOKIES<\/a><\/b><\/p>\t\t\t\t\t\t\t\t<\/div>\n\t\t\t\t<\/div>\n\t\t\t\t<div class=\"elementor-element elementor-element-f3c777d elementor-widget elementor-widget-text-editor\" data-id=\"f3c777d\" data-element_type=\"widget\" data-e-type=\"widget\" data-widget_type=\"text-editor.default\">\n\t\t\t\t<div class=\"elementor-widget-container\">\n\t\t\t\t\t\t\t\t\t<p>Desenvolvido por <a href=\"https:\/\/www.imediacomunicacion.com\/\" target=\"_blank\" rel=\"noopener\">Imedia Comunicaci\u00f3n<\/a><\/p>\n\t\t\t\t\t\t\t\t<\/div>\n\t\t\t\t<\/div>\n\t\t\t\t<div class=\"elementor-element elementor-element-d19f52e elementor-widget elementor-widget-image\" data-id=\"d19f52e\" data-element_type=\"widget\" data-e-type=\"widget\" data-widget_type=\"image.default\">\n\t\t\t\t<div class=\"elementor-widget-container\">\n\t\t\t\t\t\t\t\t\t\t\t\t\t\t\t<img decoding=\"async\" src=\"https:\/\/expotrophy.com\/wp-content\/uploads\/elementor\/thumbs\/ImediaLogo-1-qkkidj5yymxdrnyg69v6llljkpdp3c6p9vo48av4po.webp\" title=\"ImediaLogo-1\" alt=\"ImediaLogo-1\" loading=\"lazy\" \/>\t\t\t\t\t\t\t\t\t\t\t\t\t\t\t<\/div>\n\t\t\t\t<\/div>\n\t\t\t\t<div class=\"elementor-element elementor-element-70c5faa elementor-widget elementor-widget-text-editor\" data-id=\"70c5faa\" data-element_type=\"widget\" data-e-type=\"widget\" data-widget_type=\"text-editor.default\">\n\t\t\t\t<div class=\"elementor-widget-container\">\n\t\t\t\t\t\t\t\t\t<p><strong>PARCEIRO TECNOL\u00d3GICO<\/strong><\/p>\n\t\t\t\t\t\t\t\t<\/div>\n\t\t\t\t<\/div>\n\t\t\t\t\t<\/div>\n\t\t<\/div>\n\t\t\t\t\t<\/div>\n\t\t<\/section>\n\t\t\t\t<\/div>\n\t\t","protected":false},"excerpt":{"rendered":"<p>CONTACTE-NOS Pol\u00edtica de cookies LEIA ATENTAMENTE ESTES TERMOS E CONDI\u00c7\u00d5ES DE USO DO WEBSITE.AO ACESSAR OU USAR ESTE SITE, VOC\u00ca CONCORDA COM ESTES TERMOS E CONDI\u00c7\u00d5ES.SE VOC\u00ca N\u00c3O CONCORDAR COM ESTES, ABSTENHA-SE DE USAR ESTE SITE. Estes termos e condi\u00e7\u00f5es de uso (&#8220;Condi\u00e7\u00f5es&#8221;) se aplicam ao uso deste site (o &#8220;Site&#8221;). Ao usar este site, [&hellip;]<\/p>\n","protected":false},"author":1,"featured_media":0,"parent":0,"menu_order":0,"comment_status":"closed","ping_status":"closed","template":"elementor_header_footer","meta":{"footnotes":""},"class_list":["post-373","page","type-page","status-publish","hentry"],"_links":{"self":[{"href":"https:\/\/expotrophy.com\/pt-pt\/wp-json\/wp\/v2\/pages\/373","targetHints":{"allow":["GET"]}}],"collection":[{"href":"https:\/\/expotrophy.com\/pt-pt\/wp-json\/wp\/v2\/pages"}],"about":[{"href":"https:\/\/expotrophy.com\/pt-pt\/wp-json\/wp\/v2\/types\/page"}],"author":[{"embeddable":true,"href":"https:\/\/expotrophy.com\/pt-pt\/wp-json\/wp\/v2\/users\/1"}],"replies":[{"embeddable":true,"href":"https:\/\/expotrophy.com\/pt-pt\/wp-json\/wp\/v2\/comments?post=373"}],"version-history":[{"count":9,"href":"https:\/\/expotrophy.com\/pt-pt\/wp-json\/wp\/v2\/pages\/373\/revisions"}],"predecessor-version":[{"id":415,"href":"https:\/\/expotrophy.com\/pt-pt\/wp-json\/wp\/v2\/pages\/373\/revisions\/415"}],"wp:attachment":[{"href":"https:\/\/expotrophy.com\/pt-pt\/wp-json\/wp\/v2\/media?parent=373"}],"curies":[{"name":"wp","href":"https:\/\/api.w.org\/{rel}","templated":true}]}}